{"id":14944,"date":"2017-09-21T16:23:49","date_gmt":"2017-09-21T15:23:49","guid":{"rendered":"http:\/\/dev.ds-consulting-shop.com\/?page_id=14944\/"},"modified":"2022-01-05T11:55:48","modified_gmt":"2022-01-05T10:55:48","slug":"settlements","status":"publish","type":"page","link":"https:\/\/www.triss.fr\/en\/settlements\/","title":{"rendered":"Settlements"},"content":{"rendered":"<p>[vc_row full_width=&#8221;stretch_row_content_no_spaces&#8221;][vc_column][vc_empty_space height=&#8221;0px&#8221;][vc_raw_html css=&#8221;.vc_custom_1505224521153{margin-bottom: 0px !important;}&#8221;]JTNDZGl2JTIwaWQlM0QlMjJwbGFuRiUyMiUzRSUzQyUyRmRpdiUzRQ==[\/vc_raw_html][\/vc_column][\/vc_row][vc_row full_width=&#8221;stretch_row_content_no_spaces&#8221;][vc_column][vc_single_image image=&#8221;14821&#8243; img_size=&#8221;full&#8221;][\/vc_column][\/vc_row][vc_row][vc_column width=&#8221;1\/6&#8243;][vc_column_text]<\/p>\n<ul>\n<li><strong>TAIWAN<\/strong><\/li>\n<li><strong>Allemagne<\/strong><\/li>\n<li><strong>Angola<\/strong><\/li>\n<li><strong>Arabie Saoudite<\/strong><\/li>\n<li><strong>Barhrein<\/strong><\/li>\n<li><strong>Cameroun<\/strong><\/li>\n<li><strong>Canada<\/strong><\/li>\n<li><strong>Chili<\/strong><\/li>\n<li><strong>Colombia<\/strong><\/li>\n<li><strong>Congo<\/strong><\/li>\n<li><strong>La r\u00e9union<\/strong><\/li>\n<li><strong>Liban<\/strong><\/li>\n<li><strong>Liechtensteiin<\/strong><\/li>\n<li><strong>Madagascar<\/strong><\/li>\n<li><strong>Maroc<\/strong><\/li>\n<li><strong>Qatar<\/strong><\/li>\n<li><strong>Russia<\/strong><\/li>\n<li><strong>SAINT BARTHELEMY<\/strong><\/li>\n<li><strong>S\u00e9n\u00e9gal<\/strong><\/li>\n<\/ul>\n<p>[\/vc_column_text][vc_column_text][\/vc_column_text][\/vc_column][vc_column width=&#8221;1\/6&#8243;][vc_column_text]<\/p>\n<ul>\n<li><em>TAIPEI<\/em><\/li>\n<li><em>BERLIN<\/em><\/li>\n<li><em>LUANDA<\/em><\/li>\n<li><em>JEDDAH<\/em><\/li>\n<li><em>MANAMA<\/em><\/li>\n<li><em>DOUALA<\/em><\/li>\n<li><em>QUEBEC<\/em><\/li>\n<li><em>CL-VITACURA<\/em><\/li>\n<li><em>BOGOT\u00cb<\/em><\/li>\n<li><em>POINTE-NOIRE<\/em><\/li>\n<li><em>SAINT DENIS<\/em><\/li>\n<li><em>BEYROUTH<\/em><\/li>\n<li><em>RUGGELL<\/em><\/li>\n<li><em>ANTANANARIVO RENIVOHITRA<\/em><\/li>\n<li><em>RABAT<\/em><\/li>\n<li><em>DOHA<\/em><\/li>\n<li><em>MOSCOW<\/em><\/li>\n<li><em>SAINT BARTHELEMY<\/em><\/li>\n<li><em>DAKAR<\/em><\/li>\n<\/ul>\n<p>[\/vc_column_text][vc_column_text][\/vc_column_text][\/vc_column][vc_column width=&#8221;1\/6&#8243;][\/vc_column][vc_column width=&#8221;1\/6&#8243;][vc_column_text]<\/p>\n<ul>\n<li><strong>Cor\u00e9e<\/strong><\/li>\n<li><strong>C\u00f4t\u00e9 d&#8217;Ivoire<\/strong><\/li>\n<li><strong>Egypt<\/strong><\/li>\n<li><strong>Guadeloupe<\/strong><\/li>\n<li><strong>Guyane fran\u00e7aise<\/strong><\/li>\n<li><strong>HONG KONG<\/strong><\/li>\n<li><strong>Indon\u00e9sia<\/strong><\/li>\n<li><strong>Israel<\/strong><\/li>\n<li><strong>Korea<\/strong><\/li>\n<li><strong>State of Kuwait<\/strong><\/li>\n<li><strong>Suisse<\/strong><\/li>\n<li><strong>Tunisie<\/strong><\/li>\n<li><strong>Turkey<\/strong><\/li>\n<li><strong>USA<\/strong><\/li>\n<li><strong>USA<\/strong><\/li>\n<li><strong>USA<\/strong><\/li>\n<li><strong>USA<\/strong><\/li>\n<li><strong>USA<\/strong><\/li>\n<li><strong>USA<\/strong><\/li>\n<li><strong>EMIRATS ARABES UNIS<\/strong><\/li>\n<\/ul>\n<p>[\/vc_column_text][vc_column_text][\/vc_column_text][\/vc_column][vc_column width=&#8221;1\/6&#8243;][vc_column_text]<\/p>\n<ul>\n<li><em>SEOUL<\/em><\/li>\n<li><em>ABIDJAN<\/em><\/li>\n<li><em>CAIRO<\/em><\/li>\n<li><em>LE GOSIER<\/em><\/li>\n<li><em>CAYENNE<\/em><\/li>\n<li><em>Hong Kong<\/em><\/li>\n<li><em>JAKARTA<\/em><\/li>\n<li><em>HERZLIYA &#8211; PITUACH<\/em><\/li>\n<li><em>DAEGU<\/em><\/li>\n<li><em>KUWAIT CITY<\/em><\/li>\n<li><em>NYON<\/em><\/li>\n<li><em>TUNIS<\/em><\/li>\n<li><em>ISTANBUL<\/em><\/li>\n<li><em>MIAMI BEACH<\/em><\/li>\n<li><em>NEW YORK<\/em><\/li>\n<li><em>AVENTURA<\/em><\/li>\n<li><em>BATON ROUGE<\/em><\/li>\n<li><em>LOS ANGELES<\/em><\/li>\n<li><em>MIAMI<\/em><\/li>\n<li><em>DUBA\u00cf<\/em><\/li>\n<\/ul>\n<p>[\/vc_column_text][vc_column_text][\/vc_column_text][\/vc_column][vc_column width=&#8221;1\/6&#8243;][\/vc_column][\/vc_row][vc_row][vc_column width=&#8221;1\/6&#8243;][\/vc_column][vc_column width=&#8221;1\/6&#8243;][\/vc_column][vc_column width=&#8221;1\/6&#8243;][\/vc_column][vc_column width=&#8221;1\/6&#8243;][\/vc_column][vc_column width=&#8221;1\/6&#8243;][\/vc_column][vc_column width=&#8221;1\/6&#8243;][\/vc_column][\/vc_row]<\/p>\n","protected":false},"excerpt":{"rendered":"<p>[vc_row full_width=&#8221;stretch_row_content_no_spaces&#8221;][vc_column][vc_empty_space height=&#8221;0px&#8221;][vc_raw_html css=&#8221;.vc_custom_1505224521153{margin-bottom: 0px !important;}&#8221;]JTNDZGl2JTIwaWQlM0QlMjJwbGFuRiUyMiUzRSUzQyUyRmRpdiUzRQ==[\/vc_raw_html][\/vc_column][\/vc_row][vc_row full_width=&#8221;stretch_row_content_no_spaces&#8221;][vc_column][vc_single_image image=&#8221;14821&#8243; img_size=&#8221;full&#8221;][\/vc_column][\/vc_row][vc_row][vc_column width=&#8221;1\/6&#8243;][vc_column_text] TAIWAN Allemagne Angola Arabie Saoudite Barhrein Cameroun Canada Chili Colombia Congo La r\u00e9union Liban Liechtensteiin Madagascar Maroc Qatar Russia SAINT BARTHELEMY S\u00e9n\u00e9gal [\/vc_column_text][vc_column_text][\/vc_column_text][\/vc_column][vc_column width=&#8221;1\/6&#8243;][vc_column_text] TAIPEI BERLIN LUANDA JEDDAH MANAMA DOUALA QUEBEC CL-VITACURA BOGOT\u00cb POINTE-NOIRE SAINT DENIS BEYROUTH RUGGELL ANTANANARIVO RENIVOHITRA RABAT DOHA MOSCOW SAINT BARTHELEMY [&hellip;]<\/p>\n","protected":false},"author":4,"featured_media":0,"parent":0,"menu_order":0,"comment_status":"open","ping_status":"closed","template":"page-implantations.php","meta":{"_acf_changed":false,"footnotes":""},"tags":[],"class_list":["post-14944","page","type-page","status-publish","hentry"],"acf":[],"yoast_head":"<!-- This site is optimized with the Yoast SEO plugin v27.0 - https:\/\/yoast.com\/product\/yoast-seo-wordpress\/ -->\n<title>Settlements - TRISS<\/title>\n<meta name=\"robots\" content=\"index, follow, max-snippet:-1, max-image-preview:large, max-video-preview:-1\" \/>\n<link rel=\"canonical\" href=\"https:\/\/www.triss.fr\/en\/settlements\/\" \/>\n<meta property=\"og:locale\" content=\"en_US\" \/>\n<meta property=\"og:type\" content=\"article\" \/>\n<meta property=\"og:title\" content=\"Settlements - TRISS\" \/>\n<meta property=\"og:description\" content=\"[vc_row full_width=&#8221;stretch_row_content_no_spaces&#8221;][vc_column][vc_empty_space height=&#8221;0px&#8221;][vc_raw_html css=&#8221;.vc_custom_1505224521153{margin-bottom: 0px !important;}&#8221;]JTNDZGl2JTIwaWQlM0QlMjJwbGFuRiUyMiUzRSUzQyUyRmRpdiUzRQ==[\/vc_raw_html][\/vc_column][\/vc_row][vc_row full_width=&#8221;stretch_row_content_no_spaces&#8221;][vc_column][vc_single_image image=&#8221;14821&#8243; img_size=&#8221;full&#8221;][\/vc_column][\/vc_row][vc_row][vc_column width=&#8221;1\/6&#8243;][vc_column_text] TAIWAN Allemagne Angola Arabie Saoudite Barhrein Cameroun Canada Chili Colombia Congo La r\u00e9union Liban Liechtensteiin Madagascar Maroc Qatar Russia SAINT BARTHELEMY S\u00e9n\u00e9gal [\/vc_column_text][vc_column_text][\/vc_column_text][\/vc_column][vc_column width=&#8221;1\/6&#8243;][vc_column_text] TAIPEI BERLIN LUANDA JEDDAH MANAMA DOUALA QUEBEC CL-VITACURA BOGOT\u00cb POINTE-NOIRE SAINT DENIS BEYROUTH RUGGELL ANTANANARIVO RENIVOHITRA RABAT DOHA MOSCOW SAINT BARTHELEMY [&hellip;]\" \/>\n<meta property=\"og:url\" content=\"https:\/\/www.triss.fr\/en\/settlements\/\" \/>\n<meta property=\"og:site_name\" content=\"TRISS\" \/>\n<meta property=\"article:modified_time\" content=\"2022-01-05T10:55:48+00:00\" \/>\n<meta name=\"twitter:card\" content=\"summary_large_image\" \/>\n<meta name=\"twitter:label1\" content=\"Est. reading time\" \/>\n\t<meta name=\"twitter:data1\" content=\"1 minute\" \/>\n<script type=\"application\/ld+json\" class=\"yoast-schema-graph\">{\"@context\":\"https:\/\/schema.org\",\"@graph\":[{\"@type\":\"WebPage\",\"@id\":\"https:\/\/www.triss.fr\/en\/settlements\/\",\"url\":\"https:\/\/www.triss.fr\/en\/settlements\/\",\"name\":\"Settlements - TRISS\",\"isPartOf\":{\"@id\":\"https:\/\/www.triss.fr\/#website\"},\"datePublished\":\"2017-09-21T15:23:49+00:00\",\"dateModified\":\"2022-01-05T10:55:48+00:00\",\"breadcrumb\":{\"@id\":\"https:\/\/www.triss.fr\/en\/settlements\/#breadcrumb\"},\"inLanguage\":\"en-US\",\"potentialAction\":[{\"@type\":\"ReadAction\",\"target\":[\"https:\/\/www.triss.fr\/en\/settlements\/\"]}]},{\"@type\":\"BreadcrumbList\",\"@id\":\"https:\/\/www.triss.fr\/en\/settlements\/#breadcrumb\",\"itemListElement\":[{\"@type\":\"ListItem\",\"position\":1,\"name\":\"Accueil\",\"item\":\"https:\/\/www.triss.fr\/en\/\"},{\"@type\":\"ListItem\",\"position\":2,\"name\":\"Settlements\"}]},{\"@type\":\"WebSite\",\"@id\":\"https:\/\/www.triss.fr\/#website\",\"url\":\"https:\/\/www.triss.fr\/\",\"name\":\"TRISS\",\"description\":\"Fabricant de mobilier contemporain haut de gamme\",\"potentialAction\":[{\"@type\":\"SearchAction\",\"target\":{\"@type\":\"EntryPoint\",\"urlTemplate\":\"https:\/\/www.triss.fr\/?s={search_term_string}\"},\"query-input\":{\"@type\":\"PropertyValueSpecification\",\"valueRequired\":true,\"valueName\":\"search_term_string\"}}],\"inLanguage\":\"en-US\"}]}<\/script>\n<!-- \/ Yoast SEO plugin. -->","yoast_head_json":{"title":"Settlements - TRISS","robots":{"index":"index","follow":"follow","max-snippet":"max-snippet:-1","max-image-preview":"max-image-preview:large","max-video-preview":"max-video-preview:-1"},"canonical":"https:\/\/www.triss.fr\/en\/settlements\/","og_locale":"en_US","og_type":"article","og_title":"Settlements - TRISS","og_description":"[vc_row full_width=&#8221;stretch_row_content_no_spaces&#8221;][vc_column][vc_empty_space height=&#8221;0px&#8221;][vc_raw_html css=&#8221;.vc_custom_1505224521153{margin-bottom: 0px !important;}&#8221;]JTNDZGl2JTIwaWQlM0QlMjJwbGFuRiUyMiUzRSUzQyUyRmRpdiUzRQ==[\/vc_raw_html][\/vc_column][\/vc_row][vc_row full_width=&#8221;stretch_row_content_no_spaces&#8221;][vc_column][vc_single_image image=&#8221;14821&#8243; img_size=&#8221;full&#8221;][\/vc_column][\/vc_row][vc_row][vc_column width=&#8221;1\/6&#8243;][vc_column_text] TAIWAN Allemagne Angola Arabie Saoudite Barhrein Cameroun Canada Chili Colombia Congo La r\u00e9union Liban Liechtensteiin Madagascar Maroc Qatar Russia SAINT BARTHELEMY S\u00e9n\u00e9gal [\/vc_column_text][vc_column_text][\/vc_column_text][\/vc_column][vc_column width=&#8221;1\/6&#8243;][vc_column_text] TAIPEI BERLIN LUANDA JEDDAH MANAMA DOUALA QUEBEC CL-VITACURA BOGOT\u00cb POINTE-NOIRE SAINT DENIS BEYROUTH RUGGELL ANTANANARIVO RENIVOHITRA RABAT DOHA MOSCOW SAINT BARTHELEMY [&hellip;]","og_url":"https:\/\/www.triss.fr\/en\/settlements\/","og_site_name":"TRISS","article_modified_time":"2022-01-05T10:55:48+00:00","twitter_card":"summary_large_image","twitter_misc":{"Est. reading time":"1 minute"},"schema":{"@context":"https:\/\/schema.org","@graph":[{"@type":"WebPage","@id":"https:\/\/www.triss.fr\/en\/settlements\/","url":"https:\/\/www.triss.fr\/en\/settlements\/","name":"Settlements - TRISS","isPartOf":{"@id":"https:\/\/www.triss.fr\/#website"},"datePublished":"2017-09-21T15:23:49+00:00","dateModified":"2022-01-05T10:55:48+00:00","breadcrumb":{"@id":"https:\/\/www.triss.fr\/en\/settlements\/#breadcrumb"},"inLanguage":"en-US","potentialAction":[{"@type":"ReadAction","target":["https:\/\/www.triss.fr\/en\/settlements\/"]}]},{"@type":"BreadcrumbList","@id":"https:\/\/www.triss.fr\/en\/settlements\/#breadcrumb","itemListElement":[{"@type":"ListItem","position":1,"name":"Accueil","item":"https:\/\/www.triss.fr\/en\/"},{"@type":"ListItem","position":2,"name":"Settlements"}]},{"@type":"WebSite","@id":"https:\/\/www.triss.fr\/#website","url":"https:\/\/www.triss.fr\/","name":"TRISS","description":"Fabricant de mobilier contemporain haut de gamme","potentialAction":[{"@type":"SearchAction","target":{"@type":"EntryPoint","urlTemplate":"https:\/\/www.triss.fr\/?s={search_term_string}"},"query-input":{"@type":"PropertyValueSpecification","valueRequired":true,"valueName":"search_term_string"}}],"inLanguage":"en-US"}]}},"_links":{"self":[{"href":"https:\/\/www.triss.fr\/en\/wp-json\/wp\/v2\/pages\/14944","targetHints":{"allow":["GET"]}}],"collection":[{"href":"https:\/\/www.triss.fr\/en\/wp-json\/wp\/v2\/pages"}],"about":[{"href":"https:\/\/www.triss.fr\/en\/wp-json\/wp\/v2\/types\/page"}],"author":[{"embeddable":true,"href":"https:\/\/www.triss.fr\/en\/wp-json\/wp\/v2\/users\/4"}],"replies":[{"embeddable":true,"href":"https:\/\/www.triss.fr\/en\/wp-json\/wp\/v2\/comments?post=14944"}],"version-history":[{"count":3,"href":"https:\/\/www.triss.fr\/en\/wp-json\/wp\/v2\/pages\/14944\/revisions"}],"predecessor-version":[{"id":16959,"href":"https:\/\/www.triss.fr\/en\/wp-json\/wp\/v2\/pages\/14944\/revisions\/16959"}],"wp:attachment":[{"href":"https:\/\/www.triss.fr\/en\/wp-json\/wp\/v2\/media?parent=14944"}],"wp:term":[{"taxonomy":"post_tag","embeddable":true,"href":"https:\/\/www.triss.fr\/en\/wp-json\/wp\/v2\/tags?post=14944"}],"curies":[{"name":"wp","href":"https:\/\/api.w.org\/{rel}","templated":true}]}}